{"id":1607,"date":"2025-06-25T10:07:06","date_gmt":"2025-06-25T10:07:06","guid":{"rendered":"https:\/\/balticinn.lt\/?page_id=1607"},"modified":"2025-07-25T10:54:30","modified_gmt":"2025-07-25T10:54:30","slug":"vienvietis","status":"publish","type":"page","link":"https:\/\/balticinn.lt\/en\/vienvietis\/","title":{"rendered":"Single Room"},"content":{"rendered":"<div data-elementor-type=\"wp-page\" data-elementor-id=\"1607\" class=\"elementor elementor-1607\">\n\t\t\t\t<div class=\"elementor-element elementor-element-daff0e3 e-flex e-con-boxed wpr-particle-no wpr-jarallax-no wpr-parallax-no wpr-sticky-section-no wpr-equal-height-no e-con e-parent\" data-id=\"daff0e3\" data-element_type=\"container\" data-e-type=\"container\">\n\t\t\t\t\t<div class=\"e-con-inner\">\n\t\t<div class=\"elementor-element elementor-element-9c067ba e-con-full e-flex wpr-particle-no wpr-jarallax-no wpr-parallax-no wpr-sticky-section-no wpr-equal-height-no e-con e-child\" data-id=\"9c067ba\" data-element_type=\"container\" data-e-type=\"container\">\n\t\t\t\t<div class=\"elementor-element elementor-element-aba8478 elementor-widget elementor-widget-ucaddon_image_accodion\" data-id=\"aba8478\" data-element_type=\"widget\" data-e-type=\"widget\" data-widget_type=\"ucaddon_image_accodion.default\">\n\t\t\t\t<div class=\"elementor-widget-container\">\n\t\t\t\t\t\n<!-- start Image Accordion -->\n\t\t<link id='font-awesome-css' href='https:\/\/balticinn.lt\/wp-content\/plugins\/unlimited-elements-for-elementor\/assets_libraries\/font-awesome6\/fontawesome-all.min.css' type='text\/css' rel='stylesheet' >\n\t\t<link id='font-awesome-4-shim-css' href='https:\/\/balticinn.lt\/wp-content\/plugins\/unlimited-elements-for-elementor\/assets_libraries\/font-awesome6\/fontawesome-v4-shims.min.css' type='text\/css' rel='stylesheet' >\n\n<style>\/* widget: Image Accordion *\/\n\n\n\n#uc_image_accodion_elementor_aba8478 * { \n  box-sizing: border-box; \n}\n\n#uc_image_accodion_elementor_aba8478.uc_image_accodion .uc_content .uc_image_accodion_holder{\n  transition: 400ms;\n}\n\n#uc_image_accodion_elementor_aba8478  a.uc_more_btn{\n  display:inline-block;\n  text-decoration:none; \n}\n\n#uc_image_accodion_elementor_aba8478 .uc_content{\n  display: flex;\n  flex-wrap: wrap;\n  transform:rotate(0deg);\n}\n\n#uc_image_accodion_elementor_aba8478 .uc_content .uc_image_accodion_holder{\n  display: block;\n  background-repeat: no-repeat;\n  flex: 1;\n  text-align: center;\n  position: relative;\n  text-decoration: none;\n  transition: 400ms;\n  overflow:hidden;\n  transform:skew(0deg);\n}\n\n#uc_image_accodion_elementor_aba8478 .uc_content .uc_image_accodion_holder.uc_hover{\n  flex: 2;\n}\n\n#uc_image_accodion_elementor_aba8478 .uc_content .uc_image_accodion_holder .uc_overlay > * {\n  transform:skew(-0deg) rotate(-0deg);\n}\n\n#uc_image_accodion_elementor_aba8478 .uc_content .uc_image_accodion_holder .uc_overlay {\n  display: flex;\n  justify-content: center;\n  position: absolute;\n  top: 0;\n  right: 0;\n  bottom: 0;\n  left: 0;\n  transition:400ms;\n}\n\n#uc_image_accodion_elementor_aba8478 .uc_content .uc_overlay .uc_overlay_inner {\n  z-index: 1;\n}\n\n#uc_image_accodion_elementor_aba8478 .uc_content .uc_overlay .ue_title-wrapper { \n  visibility: hidden;\n  transition: .1s;\n}\n\n#uc_image_accodion_elementor_aba8478 .uc_content .uc_image_accodion_holder.uc_hover .ue_title-wrapper {\n  visibility: visible;\n  transition: 400ms;\n  transition-delay: 400ms;\n}\n\n\n#uc_image_accodion_elementor_aba8478 .uc_content .uc_overlay .uc_overlay_inner div.ue-content {\n  transform: translate3d(0,60px,0);\n  opacity: 0;\n  visibility: hidden;\n}\n\n#uc_image_accodion_elementor_aba8478 .uc_content .uc_image_accodion_holder.uc_hover .uc_overlay .uc_overlay_inner div.ue-content {\n  opacity: 1;\n  visibility: visible;\n  transform: translate3d(0,0,0);\n  transition: 400ms;\n  transition-delay: 400ms;\n}\n\n\n\n#uc_image_accodion_elementor_aba8478 .ue_item_icon{\n  line-height:1em;\n  transition: all .1s ease;\n}\n\n#uc_image_accodion_elementor_aba8478 .uc_image_accodion_holder.uc_hover .ue_item_icon{\n  transition: all .3s ease;\n  transition-delay: 400ms;\n}\n\n#uc_image_accodion_elementor_aba8478 .ue_item_icon svg{\n  height:1em;\n  width:1em;\n}\n\n#uc_image_accodion_elementor_aba8478 .ue_subtitle{\n  display:block;\n}\n\n\n#uc_image_accodion_elementor_aba8478 .uc_item_link{\n  position: absolute;\n  top: 0;\n  left: ;\n  width: 100%;\n  height: 100%;\n  display: block;\n  z-index: 1;\n}\n#uc_image_accodion_elementor_aba8478 .ue_title-wrapper {\n  transition: all 400ms; \n}\n\n@media only screen and (max-width:800px){\n  #uc_image_accodion_elementor_aba8478 .uc_content {\n    flex-direction: column;\n  }\n}\n\n<\/style>\n\n<div class=\"uc_image_accodion uc_creative_buttons\" id=\"uc_image_accodion_elementor_aba8478\" data-mobilestart=\"\"  >\n  <div class=\"uc_content uc-items-wrapper\">\n    \n\n<div class=\"uc_image_accodion_holder\"  style=\"overflow:hidden;background-image: url(https:\/\/balticinn.lt\/wp-content\/uploads\/2025\/07\/cf2cbb2b-a61a-4cdb-8118-a9a6ee905d43-768x512.jpg); background-position:center center; background-size:cover;\" >\n  <div class=\"uc_overlay\">\n    <div class=\"uc_overlay_inner\">\n            <div class=\"ue_title-wrapper\"><div class=\"ue_title\"> From 95 Eur\/day <\/div><\/div>\t       \n             \n                        \n              <div class=\"ue-content\"> \n          \n        <\/div>\n          \t\t\n    <\/div>\n  <\/div>  \n      \n<\/div>\n\n  <\/div>\n<\/div>\n<!-- end Image Accordion -->\t\t\t\t<\/div>\n\t\t\t\t<\/div>\n\t\t\t\t<div class=\"elementor-element elementor-element-9fd01d0 elementor-widget elementor-widget-button\" data-id=\"9fd01d0\" data-element_type=\"widget\" data-e-type=\"widget\" data-widget_type=\"button.default\">\n\t\t\t\t<div class=\"elementor-widget-container\">\n\t\t\t\t\t\t\t\t\t<div class=\"elementor-button-wrapper\">\n\t\t\t\t\t<a class=\"elementor-button elementor-button-link elementor-size-sm\" href=\"https:\/\/balticinn.lt\/en\/kontaktai\/\">\n\t\t\t\t\t\t<span class=\"elementor-button-content-wrapper\">\n\t\t\t\t\t\t\t\t\t<span class=\"elementor-button-text\">Contact<\/span>\n\t\t\t\t\t<\/span>\n\t\t\t\t\t<\/a>\n\t\t\t\t<\/div>\n\t\t\t\t\t\t\t\t<\/div>\n\t\t\t\t<\/div>\n\t\t\t\t<\/div>\n\t\t<div class=\"elementor-element elementor-element-9a007cf e-con-full e-flex wpr-particle-no wpr-jarallax-no wpr-parallax-no wpr-sticky-section-no wpr-equal-height-no e-con e-child\" data-id=\"9a007cf\" data-element_type=\"container\" data-e-type=\"container\">\n\t\t\t\t<div class=\"elementor-element elementor-element-4e2f063 elementor-widget elementor-widget-heading\" data-id=\"4e2f063\" data-element_type=\"widget\" data-e-type=\"widget\" data-widget_type=\"heading.default\">\n\t\t\t\t<div class=\"elementor-widget-container\">\n\t\t\t\t\t<h2 class=\"elementor-heading-title elementor-size-default\">Single Room<\/h2>\t\t\t\t<\/div>\n\t\t\t\t<\/div>\n\t\t\t\t<div class=\"elementor-element elementor-element-a0d3fc4 elementor-widget elementor-widget-text-editor\" data-id=\"a0d3fc4\" data-element_type=\"widget\" data-e-type=\"widget\" data-widget_type=\"text-editor.default\">\n\t\t\t\t<div class=\"elementor-widget-container\">\n\t\t\t\t\t\t\t\t\t<p>This is a compact, functional 10 m\u00b2 single room with a private bathroom and a balcony. The room is perfect for individual relaxation - it has everything you need for a short or long stay: a comfortable bed, a TV, a minibar, a work area and a view of the surroundings.<\/p><ul><li data-start=\"516\" data-end=\"545\">Balcony and view of the surroundings<\/li><li data-start=\"548\" data-end=\"604\">Private bathroom with shower and toiletries<\/li><li data-start=\"607\" data-end=\"640\">Minibar and electric kettle<\/li><li data-start=\"643\" data-end=\"696\">Flat-screen TV with satellite channels<\/li><li data-start=\"699\" data-end=\"731\">Work desk and private entrance<\/li><li data-start=\"734\" data-end=\"800\">Bed linen, towels, slippers, hairdryer<\/li><li data-start=\"834\" data-end=\"886\">Wheelchair accessible room<\/li><\/ul>\t\t\t\t\t\t\t\t<\/div>\n\t\t\t\t<\/div>\n\t\t\t\t<\/div>\n\t\t\t\t\t<\/div>\n\t\t\t\t<\/div>\n\t\t<div class=\"elementor-element elementor-element-9afda17 e-flex e-con-boxed wpr-particle-no wpr-jarallax-no wpr-parallax-no wpr-sticky-section-no wpr-equal-height-no elementor-invisible e-con e-parent\" data-id=\"9afda17\" data-element_type=\"container\" data-e-type=\"container\" data-settings=\"{&quot;animation&quot;:&quot;fadeIn&quot;}\">\n\t\t\t\t\t<div class=\"e-con-inner\">\n\t\t\t\t<div class=\"elementor-element elementor-element-56e165f elementor-arrows-position-inside elementor-pagination-position-outside elementor-widget elementor-widget-image-carousel\" data-id=\"56e165f\" data-element_type=\"widget\" data-e-type=\"widget\" data-settings=\"{&quot;slides_to_show_tablet&quot;:&quot;4&quot;,&quot;slides_to_show_mobile&quot;:&quot;3&quot;,&quot;image_spacing_custom_mobile&quot;:{&quot;unit&quot;:&quot;px&quot;,&quot;size&quot;:5,&quot;sizes&quot;:[]},&quot;slides_to_show&quot;:&quot;4&quot;,&quot;navigation&quot;:&quot;both&quot;,&quot;autoplay&quot;:&quot;yes&quot;,&quot;pause_on_hover&quot;:&quot;yes&quot;,&quot;pause_on_interaction&quot;:&quot;yes&quot;,&quot;autoplay_speed&quot;:5000,&quot;infinite&quot;:&quot;yes&quot;,&quot;speed&quot;:500,&quot;image_spacing_custom&quot;:{&quot;unit&quot;:&quot;px&quot;,&quot;size&quot;:20,&quot;sizes&quot;:[]},&quot;image_spacing_custom_tablet&quot;:{&quot;unit&quot;:&quot;px&quot;,&quot;size&quot;:&quot;&quot;,&quot;sizes&quot;:[]}}\" data-widget_type=\"image-carousel.default\">\n\t\t\t\t<div class=\"elementor-widget-container\">\n\t\t\t\t\t\t\t<div class=\"elementor-image-carousel-wrapper swiper\" role=\"region\" aria-roledescription=\"carousel\" aria-label=\"Image Carousel\" dir=\"ltr\">\n\t\t\t<div class=\"elementor-image-carousel swiper-wrapper\" aria-live=\"off\">\n\t\t\t\t\t\t\t\t<div class=\"swiper-slide\" role=\"group\" aria-roledescription=\"slide\" aria-label=\"1 of 3\"><a data-elementor-open-lightbox=\"yes\" data-elementor-lightbox-slideshow=\"56e165f\" data-e-action-hash=\"#elementor-action%3Aaction%3Dlightbox%26settings%3DeyJpZCI6Mjg4OSwidXJsIjoiaHR0cHM6XC9cL2JhbHRpY2lubi5sdFwvd3AtY29udGVudFwvdXBsb2Fkc1wvMjAyNVwvMDdcL2NmMmNiYjJiLWE2MWEtNGNkYi04MTE4LWE5YTZlZTkwNWQ0My0xLmpwZyIsInNsaWRlc2hvdyI6IjU2ZTE2NWYifQ%3D%3D\" href=\"https:\/\/balticinn.lt\/wp-content\/uploads\/2025\/07\/cf2cbb2b-a61a-4cdb-8118-a9a6ee905d43-1.jpg\"><figure class=\"swiper-slide-inner\"><img decoding=\"async\" class=\"swiper-slide-image\" src=\"https:\/\/balticinn.lt\/wp-content\/uploads\/2025\/07\/cf2cbb2b-a61a-4cdb-8118-a9a6ee905d43-1-150x150.jpg\" alt=\"\" \/><\/figure><\/a><\/div><div class=\"swiper-slide\" role=\"group\" aria-roledescription=\"slide\" aria-label=\"2 of 3\"><a data-elementor-open-lightbox=\"yes\" data-elementor-lightbox-slideshow=\"56e165f\" data-e-action-hash=\"#elementor-action%3Aaction%3Dlightbox%26settings%3DeyJpZCI6Mjg5NiwidXJsIjoiaHR0cHM6XC9cL2JhbHRpY2lubi5sdFwvd3AtY29udGVudFwvdXBsb2Fkc1wvMjAyNVwvMDdcL0lNR183ODEzLUhEUi0xLXNjYWxlZC5qcGciLCJzbGlkZXNob3ciOiI1NmUxNjVmIn0%3D\" href=\"https:\/\/balticinn.lt\/wp-content\/uploads\/2025\/07\/IMG_7813-HDR-1-scaled.jpg\"><figure class=\"swiper-slide-inner\"><img decoding=\"async\" class=\"swiper-slide-image\" src=\"https:\/\/balticinn.lt\/wp-content\/uploads\/2025\/07\/IMG_7813-HDR-1-150x150.jpg\" alt=\"\" \/><\/figure><\/a><\/div><div class=\"swiper-slide\" role=\"group\" aria-roledescription=\"slide\" aria-label=\"3 of 3\"><a data-elementor-open-lightbox=\"yes\" data-elementor-lightbox-slideshow=\"56e165f\" data-e-action-hash=\"#elementor-action%3Aaction%3Dlightbox%26settings%3DeyJpZCI6Mjg5NywidXJsIjoiaHR0cHM6XC9cL2JhbHRpY2lubi5sdFwvd3AtY29udGVudFwvdXBsb2Fkc1wvMjAyNVwvMDdcL0lNR183ODM2LUhEUi1zY2FsZWQuanBnIiwic2xpZGVzaG93IjoiNTZlMTY1ZiJ9\" href=\"https:\/\/balticinn.lt\/wp-content\/uploads\/2025\/07\/IMG_7836-HDR-scaled.jpg\"><figure class=\"swiper-slide-inner\"><img decoding=\"async\" class=\"swiper-slide-image\" src=\"https:\/\/balticinn.lt\/wp-content\/uploads\/2025\/07\/IMG_7836-HDR-150x150.jpg\" alt=\"\" \/><\/figure><\/a><\/div>\t\t\t<\/div>\n\t\t\t\t\t\t\t\t\t\t\t\t<div class=\"elementor-swiper-button elementor-swiper-button-prev\" role=\"button\" tabindex=\"0\">\n\t\t\t\t\t\t<i aria-hidden=\"true\" class=\"eicon-chevron-left\"><\/i>\t\t\t\t\t<\/div>\n\t\t\t\t\t<div class=\"elementor-swiper-button elementor-swiper-button-next\" role=\"button\" tabindex=\"0\">\n\t\t\t\t\t\t<i aria-hidden=\"true\" class=\"eicon-chevron-right\"><\/i>\t\t\t\t\t<\/div>\n\t\t\t\t\n\t\t\t\t\t\t\t\t\t<div class=\"swiper-pagination\"><\/div>\n\t\t\t\t\t\t\t\t\t<\/div>\n\t\t\t\t\t\t<\/div>\n\t\t\t\t<\/div>\n\t\t\t\t\t<\/div>\n\t\t\t\t<\/div>\n\t\t\t\t<\/div>","protected":false},"excerpt":{"rendered":"<p>From 95 Eur\/night Contact Single Room This is a compact, functional 10 m\u00b2 single room with a private bathroom and a balcony. The room is perfect for individual relaxation - you will find everything you need for a short or long stay: a comfortable bed, a TV, a minibar, a work area and a view of the surroundings. Balcony and view of the surroundings Private bathroom with shower and toiletries Minibar and electric kettle Flat-screen TV with satellite TV Work desk and private entrance Bed linen, towels, slippers, hairdryer The room is wheelchair accessible<\/p>","protected":false},"author":1,"featured_media":0,"parent":0,"menu_order":0,"comment_status":"closed","ping_status":"closed","template":"","meta":{"site-sidebar-layout":"no-sidebar","site-content-layout":"page-builder","ast-site-content-layout":"full-width-container","site-content-style":"default","site-sidebar-style":"default","ast-global-header-display":"","ast-banner-title-visibility":"","ast-main-header-display":"","ast-hfb-above-header-display":"","ast-hfb-below-header-display":"","ast-hfb-mobile-header-display":"","site-post-title":"disabled","ast-breadcrumbs-content":"","ast-featured-img":"disabled","footer-sml-layout":"","ast-disable-related-posts":"","theme-transparent-header-meta":"","adv-header-id-meta":"","stick-header-meta":"","header-above-stick-meta":"","header-main-stick-meta":"","header-below-stick-meta":"","astra-migrate-meta-layouts":"set","ast-page-background-enabled":"default","ast-page-background-meta":{"desktop":{"background-color":"","background-image":"","background-repeat":"repeat","background-position":"center center","background-size":"auto","background-attachment":"scroll","background-type":"","background-media":"","overlay-type":"","overlay-color":"","overlay-opacity":"","overlay-gradient":""},"tablet":{"background-color":"","background-image":"","background-repeat":"repeat","background-position":"center center","background-size":"auto","background-attachment":"scroll","background-type":"","background-media":"","overlay-type":"","overlay-color":"","overlay-opacity":"","overlay-gradient":""},"mobile":{"background-color":"","background-image":"","background-repeat":"repeat","background-position":"center center","background-size":"auto","background-attachment":"scroll","background-type":"","background-media":"","overlay-type":"","overlay-color":"","overlay-opacity":"","overlay-gradient":""}},"ast-content-background-meta":{"desktop":{"background-color":"var(--ast-global-color-5)","background-image":"","background-repeat":"repeat","background-position":"center center","background-size":"auto","background-attachment":"scroll","background-type":"","background-media":"","overlay-type":"","overlay-color":"","overlay-opacity":"","overlay-gradient":""},"tablet":{"background-color":"var(--ast-global-color-5)","background-image":"","background-repeat":"repeat","background-position":"center center","background-size":"auto","background-attachment":"scroll","background-type":"","background-media":"","overlay-type":"","overlay-color":"","overlay-opacity":"","overlay-gradient":""},"mobile":{"background-color":"var(--ast-global-color-5)","background-image":"","background-repeat":"repeat","background-position":"center center","background-size":"auto","background-attachment":"scroll","background-type":"","background-media":"","overlay-type":"","overlay-color":"","overlay-opacity":"","overlay-gradient":""}},"footnotes":""},"class_list":["post-1607","page","type-page","status-publish","hentry"],"yoast_head":"<!-- This site is optimized with the Yoast SEO plugin v27.4 - https:\/\/yoast.com\/product\/yoast-seo-wordpress\/ -->\n<title>Vienvietis kambarys Palangoje su balkonu | Baltic Inn vie\u0161butis<\/title>\n<meta name=\"description\" content=\"Kompakti\u0161kas vienvietis kambarys Palangoje su balkonu ir priva\u010diu vonios kambariu. Puikiai tinka individualiam poilsiui \u2013 patogi lova, mini baras, darbo stalas, vaizdas \u012f aplink\u0105. Pritaikytas sve\u010diams su negalia.\" \/>\n<meta name=\"robots\" content=\"index, follow, max-snippet:-1, max-image-preview:large, max-video-preview:-1\" \/>\n<link rel=\"canonical\" href=\"https:\/\/balticinn.lt\/en\/vienvietis\/\" \/>\n<meta property=\"og:locale\" content=\"en_GB\" \/>\n<meta property=\"og:type\" content=\"article\" \/>\n<meta property=\"og:title\" content=\"Vienvietis kambarys Palangoje su balkonu | Baltic Inn vie\u0161butis\" \/>\n<meta property=\"og:description\" content=\"Kompakti\u0161kas vienvietis kambarys Palangoje su balkonu ir priva\u010diu vonios kambariu. Puikiai tinka individualiam poilsiui \u2013 patogi lova, mini baras, darbo stalas, vaizdas \u012f aplink\u0105. Pritaikytas sve\u010diams su negalia.\" \/>\n<meta property=\"og:url\" content=\"https:\/\/balticinn.lt\/en\/vienvietis\/\" \/>\n<meta property=\"article:modified_time\" content=\"2025-07-25T10:54:30+00:00\" \/>\n<meta property=\"og:image\" content=\"https:\/\/balticinn.lt\/wp-content\/uploads\/2025\/07\/cf2cbb2b-a61a-4cdb-8118-a9a6ee905d43-1-150x150.jpg\" \/>\n<meta name=\"twitter:card\" content=\"summary_large_image\" \/>\n<meta name=\"twitter:label1\" content=\"Estimated reading time\" \/>\n\t<meta name=\"twitter:data1\" content=\"3 minutes\" \/>\n<script type=\"application\/ld+json\" class=\"yoast-schema-graph\">{\"@context\":\"https:\\\/\\\/schema.org\",\"@graph\":[{\"@type\":\"WebPage\",\"@id\":\"https:\\\/\\\/balticinn.lt\\\/vienvietis\\\/\",\"url\":\"https:\\\/\\\/balticinn.lt\\\/vienvietis\\\/\",\"name\":\"Vienvietis kambarys Palangoje su balkonu | Baltic Inn vie\u0161butis\",\"isPartOf\":{\"@id\":\"https:\\\/\\\/khaki-oryx-821604.hostingersite.com\\\/en\\\/#website\"},\"primaryImageOfPage\":{\"@id\":\"https:\\\/\\\/balticinn.lt\\\/vienvietis\\\/#primaryimage\"},\"image\":{\"@id\":\"https:\\\/\\\/balticinn.lt\\\/vienvietis\\\/#primaryimage\"},\"thumbnailUrl\":\"https:\\\/\\\/balticinn.lt\\\/wp-content\\\/uploads\\\/2025\\\/07\\\/cf2cbb2b-a61a-4cdb-8118-a9a6ee905d43-1-150x150.jpg\",\"datePublished\":\"2025-06-25T10:07:06+00:00\",\"dateModified\":\"2025-07-25T10:54:30+00:00\",\"description\":\"Kompakti\u0161kas vienvietis kambarys Palangoje su balkonu ir priva\u010diu vonios kambariu. Puikiai tinka individualiam poilsiui \u2013 patogi lova, mini baras, darbo stalas, vaizdas \u012f aplink\u0105. Pritaikytas sve\u010diams su negalia.\",\"breadcrumb\":{\"@id\":\"https:\\\/\\\/balticinn.lt\\\/vienvietis\\\/#breadcrumb\"},\"inLanguage\":\"en-GB\",\"potentialAction\":[{\"@type\":\"ReadAction\",\"target\":[\"https:\\\/\\\/balticinn.lt\\\/vienvietis\\\/\"]}]},{\"@type\":\"ImageObject\",\"inLanguage\":\"en-GB\",\"@id\":\"https:\\\/\\\/balticinn.lt\\\/vienvietis\\\/#primaryimage\",\"url\":\"https:\\\/\\\/balticinn.lt\\\/wp-content\\\/uploads\\\/2025\\\/07\\\/cf2cbb2b-a61a-4cdb-8118-a9a6ee905d43-1-150x150.jpg\",\"contentUrl\":\"https:\\\/\\\/balticinn.lt\\\/wp-content\\\/uploads\\\/2025\\\/07\\\/cf2cbb2b-a61a-4cdb-8118-a9a6ee905d43-1-150x150.jpg\"},{\"@type\":\"BreadcrumbList\",\"@id\":\"https:\\\/\\\/balticinn.lt\\\/vienvietis\\\/#breadcrumb\",\"itemListElement\":[{\"@type\":\"ListItem\",\"position\":1,\"name\":\"Home\",\"item\":\"https:\\\/\\\/balticinn.lt\\\/\"},{\"@type\":\"ListItem\",\"position\":2,\"name\":\"Vienvietis Kambarys\"}]},{\"@type\":\"WebSite\",\"@id\":\"https:\\\/\\\/khaki-oryx-821604.hostingersite.com\\\/en\\\/#website\",\"url\":\"https:\\\/\\\/khaki-oryx-821604.hostingersite.com\\\/en\\\/\",\"name\":\"Baltic Inn\",\"description\":\"Vie\u0161butis Baltic Inn\",\"publisher\":{\"@id\":\"https:\\\/\\\/khaki-oryx-821604.hostingersite.com\\\/en\\\/#\\\/schema\\\/person\\\/66b45a5f370ad8860b8d1846e999ba50\"},\"potentialAction\":[{\"@type\":\"SearchAction\",\"target\":{\"@type\":\"EntryPoint\",\"urlTemplate\":\"https:\\\/\\\/khaki-oryx-821604.hostingersite.com\\\/en\\\/?s={search_term_string}\"},\"query-input\":{\"@type\":\"PropertyValueSpecification\",\"valueRequired\":true,\"valueName\":\"search_term_string\"}}],\"inLanguage\":\"en-GB\"},{\"@type\":[\"Person\",\"Organization\"],\"@id\":\"https:\\\/\\\/khaki-oryx-821604.hostingersite.com\\\/en\\\/#\\\/schema\\\/person\\\/66b45a5f370ad8860b8d1846e999ba50\",\"name\":\"greta.websites@gmail.com\",\"image\":{\"@type\":\"ImageObject\",\"inLanguage\":\"en-GB\",\"@id\":\"https:\\\/\\\/balticinn.lt\\\/wp-content\\\/uploads\\\/2025\\\/06\\\/cropped-ChatGPT_Image_Jun_13__2025__10_36_27_AM-removebg-preview.png\",\"url\":\"https:\\\/\\\/balticinn.lt\\\/wp-content\\\/uploads\\\/2025\\\/06\\\/cropped-ChatGPT_Image_Jun_13__2025__10_36_27_AM-removebg-preview.png\",\"contentUrl\":\"https:\\\/\\\/balticinn.lt\\\/wp-content\\\/uploads\\\/2025\\\/06\\\/cropped-ChatGPT_Image_Jun_13__2025__10_36_27_AM-removebg-preview.png\",\"width\":500,\"height\":311,\"caption\":\"greta.websites@gmail.com\"},\"logo\":{\"@id\":\"https:\\\/\\\/balticinn.lt\\\/wp-content\\\/uploads\\\/2025\\\/06\\\/cropped-ChatGPT_Image_Jun_13__2025__10_36_27_AM-removebg-preview.png\"},\"sameAs\":[\"https:\\\/\\\/balticinn.lt\"]}]}<\/script>\n<!-- \/ Yoast SEO plugin. -->","yoast_head_json":{"title":"Vienvietis kambarys Palangoje su balkonu | Baltic Inn vie\u0161butis","description":"Kompakti\u0161kas vienvietis kambarys Palangoje su balkonu ir priva\u010diu vonios kambariu. Puikiai tinka individualiam poilsiui \u2013 patogi lova, mini baras, darbo stalas, vaizdas \u012f aplink\u0105. Pritaikytas sve\u010diams su negalia.","robots":{"index":"index","follow":"follow","max-snippet":"max-snippet:-1","max-image-preview":"max-image-preview:large","max-video-preview":"max-video-preview:-1"},"canonical":"https:\/\/balticinn.lt\/en\/vienvietis\/","og_locale":"en_GB","og_type":"article","og_title":"Vienvietis kambarys Palangoje su balkonu | Baltic Inn vie\u0161butis","og_description":"Kompakti\u0161kas vienvietis kambarys Palangoje su balkonu ir priva\u010diu vonios kambariu. Puikiai tinka individualiam poilsiui \u2013 patogi lova, mini baras, darbo stalas, vaizdas \u012f aplink\u0105. Pritaikytas sve\u010diams su negalia.","og_url":"https:\/\/balticinn.lt\/en\/vienvietis\/","article_modified_time":"2025-07-25T10:54:30+00:00","og_image":[{"url":"https:\/\/balticinn.lt\/wp-content\/uploads\/2025\/07\/cf2cbb2b-a61a-4cdb-8118-a9a6ee905d43-1-150x150.jpg","type":"","width":"","height":""}],"twitter_card":"summary_large_image","twitter_misc":{"Estimated reading time":"3 minutes"},"schema":{"@context":"https:\/\/schema.org","@graph":[{"@type":"WebPage","@id":"https:\/\/balticinn.lt\/vienvietis\/","url":"https:\/\/balticinn.lt\/vienvietis\/","name":"Vienvietis kambarys Palangoje su balkonu | Baltic Inn vie\u0161butis","isPartOf":{"@id":"https:\/\/khaki-oryx-821604.hostingersite.com\/en\/#website"},"primaryImageOfPage":{"@id":"https:\/\/balticinn.lt\/vienvietis\/#primaryimage"},"image":{"@id":"https:\/\/balticinn.lt\/vienvietis\/#primaryimage"},"thumbnailUrl":"https:\/\/balticinn.lt\/wp-content\/uploads\/2025\/07\/cf2cbb2b-a61a-4cdb-8118-a9a6ee905d43-1-150x150.jpg","datePublished":"2025-06-25T10:07:06+00:00","dateModified":"2025-07-25T10:54:30+00:00","description":"Kompakti\u0161kas vienvietis kambarys Palangoje su balkonu ir priva\u010diu vonios kambariu. Puikiai tinka individualiam poilsiui \u2013 patogi lova, mini baras, darbo stalas, vaizdas \u012f aplink\u0105. Pritaikytas sve\u010diams su negalia.","breadcrumb":{"@id":"https:\/\/balticinn.lt\/vienvietis\/#breadcrumb"},"inLanguage":"en-GB","potentialAction":[{"@type":"ReadAction","target":["https:\/\/balticinn.lt\/vienvietis\/"]}]},{"@type":"ImageObject","inLanguage":"en-GB","@id":"https:\/\/balticinn.lt\/vienvietis\/#primaryimage","url":"https:\/\/balticinn.lt\/wp-content\/uploads\/2025\/07\/cf2cbb2b-a61a-4cdb-8118-a9a6ee905d43-1-150x150.jpg","contentUrl":"https:\/\/balticinn.lt\/wp-content\/uploads\/2025\/07\/cf2cbb2b-a61a-4cdb-8118-a9a6ee905d43-1-150x150.jpg"},{"@type":"BreadcrumbList","@id":"https:\/\/balticinn.lt\/vienvietis\/#breadcrumb","itemListElement":[{"@type":"ListItem","position":1,"name":"Home","item":"https:\/\/balticinn.lt\/"},{"@type":"ListItem","position":2,"name":"Vienvietis Kambarys"}]},{"@type":"WebSite","@id":"https:\/\/khaki-oryx-821604.hostingersite.com\/en\/#website","url":"https:\/\/khaki-oryx-821604.hostingersite.com\/en\/","name":"Baltic Inn","description":"Hotel Baltic Inn","publisher":{"@id":"https:\/\/khaki-oryx-821604.hostingersite.com\/en\/#\/schema\/person\/66b45a5f370ad8860b8d1846e999ba50"},"potentialAction":[{"@type":"SearchAction","target":{"@type":"EntryPoint","urlTemplate":"https:\/\/khaki-oryx-821604.hostingersite.com\/en\/?s={search_term_string}"},"query-input":{"@type":"PropertyValueSpecification","valueRequired":true,"valueName":"search_term_string"}}],"inLanguage":"en-GB"},{"@type":["Person","Organization"],"@id":"https:\/\/khaki-oryx-821604.hostingersite.com\/en\/#\/schema\/person\/66b45a5f370ad8860b8d1846e999ba50","name":"greta.websites@gmail.com","image":{"@type":"ImageObject","inLanguage":"en-GB","@id":"https:\/\/balticinn.lt\/wp-content\/uploads\/2025\/06\/cropped-ChatGPT_Image_Jun_13__2025__10_36_27_AM-removebg-preview.png","url":"https:\/\/balticinn.lt\/wp-content\/uploads\/2025\/06\/cropped-ChatGPT_Image_Jun_13__2025__10_36_27_AM-removebg-preview.png","contentUrl":"https:\/\/balticinn.lt\/wp-content\/uploads\/2025\/06\/cropped-ChatGPT_Image_Jun_13__2025__10_36_27_AM-removebg-preview.png","width":500,"height":311,"caption":"greta.websites@gmail.com"},"logo":{"@id":"https:\/\/balticinn.lt\/wp-content\/uploads\/2025\/06\/cropped-ChatGPT_Image_Jun_13__2025__10_36_27_AM-removebg-preview.png"},"sameAs":["https:\/\/balticinn.lt"]}]}},"_links":{"self":[{"href":"https:\/\/balticinn.lt\/en\/wp-json\/wp\/v2\/pages\/1607","targetHints":{"allow":["GET"]}}],"collection":[{"href":"https:\/\/balticinn.lt\/en\/wp-json\/wp\/v2\/pages"}],"about":[{"href":"https:\/\/balticinn.lt\/en\/wp-json\/wp\/v2\/types\/page"}],"author":[{"embeddable":true,"href":"https:\/\/balticinn.lt\/en\/wp-json\/wp\/v2\/users\/1"}],"replies":[{"embeddable":true,"href":"https:\/\/balticinn.lt\/en\/wp-json\/wp\/v2\/comments?post=1607"}],"version-history":[{"count":50,"href":"https:\/\/balticinn.lt\/en\/wp-json\/wp\/v2\/pages\/1607\/revisions"}],"predecessor-version":[{"id":2955,"href":"https:\/\/balticinn.lt\/en\/wp-json\/wp\/v2\/pages\/1607\/revisions\/2955"}],"wp:attachment":[{"href":"https:\/\/balticinn.lt\/en\/wp-json\/wp\/v2\/media?parent=1607"}],"curies":[{"name":"wp","href":"https:\/\/api.w.org\/{rel}","templated":true}]}}